{"id":3600,"date":"2022-03-21T11:12:47","date_gmt":"2022-03-21T10:12:47","guid":{"rendered":"https:\/\/viaugustaestudiolegal.com\/en\/?page_id=3600"},"modified":"2022-03-21T11:13:07","modified_gmt":"2022-03-21T10:13:07","slug":"legal-warning","status":"publish","type":"page","link":"https:\/\/viaugustaestudiolegal.com\/en\/legal-warning\/","title":{"rendered":"Legal warning"},"content":{"rendered":"<p>&nbsp;<\/p>\n<p><strong>AVISO LEGAL Y CONDICIONES DE USO<\/strong><\/p>\n<p>Denominaci\u00f3n Social: V\u00eda Augusta Estudio Legal, S.L.P.<\/p>\n<p>Domicilio Social: V\u00eda Augusta, 13-15, 7\u00ba 3\u00aa, 08006, Barcelona<\/p>\n<p>NIF: B66704628<\/p>\n<p>Tel\u00e9fono: 934158934<\/p>\n<p>e-Mail: info@vaestudiolegal.com<\/p>\n<p>Nombre de dominio: www.vaestudiolegal.com<\/p>\n<p><strong>Condiciones generales de uso de la web<\/strong><\/p>\n<p>El mero acceso y utilizaci\u00f3n de la P\u00e1gina Web, otorga la condici\u00f3n de usuario e implica obligatoriamente la aceptaci\u00f3n completa, plena y sin reservas de todas y cada una de las cl\u00e1usulas incluidas en el Aviso Legal y Condiciones Generales de Uso. Si el usuario no estuviera conforme con las mismas, se abstendr\u00e1 de utilizar la p\u00e1gina web.<\/p>\n<p>La informaci\u00f3n que la web pone a disposici\u00f3n de los usuarios tiene car\u00e1cter meramente informativo, consultivo y publicitario. En ning\u00fan caso ofrece ni tiene car\u00e1cter de compromiso vinculante o contractual.<\/p>\n<p>V\u00eda Augusta Estudio Legal, S.L.P. se reserva el derecho a denegar o retirar el acceso a la P\u00e1gina Web y \/o los servicios ofrecidos sin necesidad de preaviso, a instancia propia o de un tercero, a aquellos usuarios que incumplan las presentes Condiciones de uso.<\/p>\n<p>V\u00eda Augusta Estudio Legal, S.L.P. se reserva el derecho a modificar y\/o actualizarlas presentes Condiciones establecidas en la P\u00e1gina Web.<\/p>\n<p><strong>Obligaciones del usuario<\/strong><\/p>\n<p>El usuario se compromete a utilizar la P\u00e1gina Web y los servicios de conformidad con la ley, con estas Condiciones Generales, as\u00ed como con la moral y buenas costumbres generalmente aceptadas y el orden p\u00fablico. El Usuario se obliga a abstenerse de:<\/p>\n<ul>\n<li>Utilizar la P\u00e1gina Web y los servicios con fines o efectos il\u00edcitos, contrarios a lo establecido en estas Condiciones Generales, lesivos de los derechos e intereses de V\u00eda Augusta Estudio Legal, S.L.P. o de terceros, o que de cualquier forma puedan da\u00f1ar, inutilizar, sobrecargar o deteriorar la P\u00e1gina Web y los servicios o impedir la normal utilizaci\u00f3n o disfrute de la P\u00e1gina Web y de los servicios por parte de los usuarios.<\/li>\n<li>Reproducir o copiar, distribuir, permitir el acceso del p\u00fablico a trav\u00e9s de cualquier modalidad de comunicaci\u00f3n p\u00fablica, transformar o modificar los contenidos de la P\u00e1gina Web, a menos que se cuente con la autorizaci\u00f3n del titular de los correspondientes derechos o ello resulte legalmente permitido.<\/li>\n<li>Suprimir, eludir o manipular el copyright y de datos identificativos de los derechos de V\u00eda Augusta Estudio Legal, S.L.P., o de sus titulares incorporados en la P\u00e1gina Web, as\u00ed como los dispositivos t\u00e9cnicos de protecci\u00f3n, las huellas digitales o cualesquiera mecanismos de informaci\u00f3n que pudieran contener los contenidos.<\/li>\n<\/ul>\n<p>El usuario al utilizar la P\u00e1gina Web y los servicios se compromete a no publicar, cargar, transmitir, distribuir, almacenar, crear ni publicar de cualquier otro modo el contenido que se enumera a continuaci\u00f3n:<\/p>\n<ul>\n<li>Cualquier atentado contra la dignidad y la libertad de las personas, as\u00ed como contra cualesquiera otros derechos y libertades fundamentales.<\/li>\n<li>Cualquier mensaje, manifestaci\u00f3n, dato, informaci\u00f3n, texto, m\u00fasica, sonido, foto, gr\u00e1fico, c\u00f3digo ni ning\u00fan otro material que sea falso, ilegal, enga\u00f1oso, injurioso, difamatorio, obsceno pornogr\u00e1fico, indecente, lascivo, sugerente, acosador o fomente el acoso de otra persona, intimidatorio, invasor de los derechos de privacidad o publicidad, abusivo, provocador, fraudulento o censurable por cualquier otra raz\u00f3n;<\/li>\n<li>Contenido que sea claramente ofensivo para la comunidad en l\u00ednea, como el contenido que promueva el racismo, la intolerancia, el odio o el da\u00f1o f\u00edsico de cualquier tipo contra cualquier grupo o individuo;<\/li>\n<li>Contenido que proporcione instrucciones para realizar actividades ilegales, como la fabricaci\u00f3n o la compra de armas ilegales, la violaci\u00f3n de la privacidad de las personas y el suministro o la creaci\u00f3n de virus inform\u00e1ticos;<\/li>\n<li>P\u00e1ginas de acceso solo mediante contrase\u00f1a o con contenido restringido o im\u00e1genes y p\u00e1ginas ocultas (las que no tienen enlaces o de otra p\u00e1gina accesible); virus, datos da\u00f1ados u otros archivos da\u00f1inos, perjudiciales o destructivos;<\/li>\n<li>Contenido que pueda infringir cualquier patente, marca registrada, secreto comercial, derecho de autor u otro derecho de propiedad o intelectual de V\u00eda Augusta Estudio Legal, S.L.P. y\/o de terceros.<\/li>\n<li>Contenido que se haga pasar por otra persona o entidad, o que tergiverse de cualquier otro modo su afiliaci\u00f3n con dicha persona o entidad, incluido V\u00eda Augusta Estudio Legal, S.L.P.<\/li>\n<li>Cualquier manifestaci\u00f3n que, con car\u00e1cter enunciativo, tenga fines excesivamente comerciales o promocionales (spam), abusen de la P\u00e1gina Web y servicios utiliz\u00e1ndolos como canal de solicitud de informaci\u00f3n para investigaciones de mercado o encuestas o resulten ininteligibles.<\/li>\n<li>Contenido que incluya actividades y\/o ventas comerciales sin consentimiento previo de V\u00eda Augusta Estudio Legal, S.L.P., como los concursos, sorteos, trueques, publicidad y sistemas piramidales;<\/li>\n<\/ul>\n<p>En caso de incumplimiento por parte del usuario de cualquiera de las obligaciones establecidas en las presentes Condiciones, faculta de pleno derecho a V\u00eda Augusta Estudio Legal, S.L.P. a prohibir o denegar a dicho usuario el acceso a la P\u00e1gina Web y servicios.<\/p>\n<p>Asimismo, V\u00eda Augusta Estudio Legal, S.L.P. se reserva el derecho de retirar de forma unilateral los contenidos que aparezcan en la P\u00e1gina Web y servicios, cuando haya indicios de que los mismos infringen cualquier disposici\u00f3n legal, las presentes Condiciones, vulneran los derechos de terceros, o son utilizados con fines publicitarios (spam), as\u00ed como cuando V\u00eda Augusta Estudio Legal, S.L.P. lo estime oportuno.<\/p>\n<p>En todo caso, para interponer cualquier reclamaci\u00f3n relacionada con los contenidos insertados por parte de los usuarios, puede hacerlo dirigi\u00e9ndose a la direcci\u00f3n de correo electr\u00f3nico: info@vaestudiolegal.com.<\/p>\n<p><strong>Responsabilidad del titular y exclusi\u00f3n de garant\u00edas<\/strong><\/p>\n<p>V\u00eda Augusta Estudio Legal, S.L.P. no garantiza la disponibilidad y continuidad del funcionamiento de la P\u00e1gina Web. V\u00eda Augusta Estudio Legal, S.L.P. tampoco garantiza la utilidad de la P\u00e1gina Web para la realizaci\u00f3n de ninguna actividad en concreto, ni su infalibilidad y, en particular, aunque no de manera exclusiva, que los usuarios puedan efectivamente utilizar la P\u00e1gina Web, acceder a las distintas p\u00e1ginas que forman la P\u00e1gina Web o aqu\u00e9llas desde las que se prestan los servicios.<\/p>\n<p>A pesar de haber adoptado las correspondientes medidas de seguridad, V\u00eda Augusta Estudio Legal, S.L.P. no garantiza la privacidad y seguridad de la utilizaci\u00f3n de la P\u00e1gina Web y, en particular, no garantiza que terceros no autorizados mediante actividad il\u00edcitas no puedan tener conocimiento de la clase, condiciones, caracter\u00edsticas y circunstancias del uso que los Usuarios hacen de la P\u00e1gina Web.<\/p>\n<p>V\u00eda Augusta Estudio Legal, S.L.P. excluye, con toda la extensi\u00f3n permitida por el ordenamiento jur\u00eddico, cualquier responsabilidad por los da\u00f1os y perjuicios de toda naturaleza que pudieran deberse al conocimiento que puedan tener terceros no autorizados de la clase, condiciones, caracter\u00edsticas y circunstancias del uso que los usuarios hacen de la P\u00e1gina Web.<\/p>\n<p>A pesar de haber adoptado las correspondientes medidas de seguridad V\u00eda Augusta Estudio Legal, S.L.P. ciados no garantiza la ausencia de virus ni de otros elementos en los contenidos que puedan producir alteraciones en su sistema inform\u00e1tico (software y hardware) o en los documentos electr\u00f3nicos y ficheros almacenados en su sistema inform\u00e1tico.<\/p>\n<p>V\u00eda Augusta Estudio Legal, S.L.P. excluye, con toda la extensi\u00f3n permitida por el ordenamiento jur\u00eddico, cualquier responsabilidad por los da\u00f1os y perjuicios de toda naturaleza que puedan deberse a la presencia de virus o a la presencia de otros elementos en los contenidos de la P\u00e1gina Web que puedan producir alteraciones en el sistema inform\u00e1tico, documentos electr\u00f3nicos o ficheros de los usuarios.<\/p>\n<p>V\u00eda Augusta Estudio Legal, S.L.P. no garantiza que los usuarios utilicen la P\u00e1gina Web y los servicios de conformidad con las presentes condiciones, ni que lo hagan de forma diligente y prudente.<\/p>\n<p>V\u00eda Augusta Estudio Legal, S.L.P. excluye cualquier responsabilidad por los da\u00f1os y perjuicios de toda naturaleza que pudieran deberse a la utilizaci\u00f3n de la P\u00e1gina Web y de los servicios por parte de los usuarios, incluidos los da\u00f1os y perjuicios de toda naturaleza que puedan deberse a la suplantaci\u00f3n de la personalidad de un tercero efectuada en cualquier clase de comunicaci\u00f3n realizada a trav\u00e9s de la P\u00e1gina Web.<\/p>\n<p><strong>Enlaces de hipertexto<\/strong><strong>\u00a0<\/strong><\/p>\n<p>El acceso a la P\u00e1gina Web y servicios puede incluir dispositivos t\u00e9cnicos de enlace, directorios e incluso instrumentos de b\u00fasqueda que permiten a los Usuarios acceder a sitios web de Internet (en adelante, \u201c<strong>Sitios Enlazados<\/strong>\u201d).<\/p>\n<p>En estos casos, y de conformidad con el art. 17 de la Ley 34\/2002, de 11 de julio, de Servicios de la Sociedad de la Informaci\u00f3n y el Comercio Electr\u00f3nico (en adelante, la \u201c<strong>LSSI<\/strong>\u201d), V\u00eda Augusta Estudio Legal, S.L.P. act\u00faa como prestador de servicios y, s\u00f3lo ser\u00e1 responsable de los contenidos y servicios suministrados en los Sitios Enlazados en la medida en que tenga conocimiento efectivo de la ilicitud o de que puedan lesionarse bienes o derechos de terceros y no haya desactivado el enlace con la diligencia debida.<\/p>\n<p>Si el Usuario considera que existe un Sitio Enlazado con contenidos il\u00edcitos o inadecuados podr\u00e1 comunic\u00e1rselo a V\u00eda Augusta Estudio Legal, S.L.P. a la direcci\u00f3n de correo electr\u00f3nico <a href=\"mailto:info@vaestudiolegal.com\">info@vaestudiolegal.com<\/a>, indicando: (a) del comunicante: nombre, direcci\u00f3n, n\u00famero de tel\u00e9fono y direcci\u00f3n de correo electr\u00f3nico; (b) una descripci\u00f3n de los hechos que revelan el car\u00e1cter il\u00edcito o inadecuado del Sitio enlazado; y (c) una declaraci\u00f3n expresa de que la informaci\u00f3n contenida en la comunicaci\u00f3n es exacta.<\/p>\n<p>En ning\u00fan caso esta comunicaci\u00f3n conlleva la obligaci\u00f3n de retirar el correspondiente enlace, ni supone, seg\u00fan lo dispuesto en la LSSI, el conocimiento efectivo de las actividades y\/o contenidos indicados por el comunicante.<\/p>\n<p>V\u00eda Augusta Estudio Legal, S.L.P. no ha revisado los contenidos y servicios de los Sitios Enlazados y, por tanto, no se hace responsable por los da\u00f1os producidos por la ilicitud, calidad, desactualizaci\u00f3n, indisponibilidad, tratamiento de datos, error e inutilidad de los contenidos y\/o servicios de los Sitios enlazados ni por cualquier otro da\u00f1o que no sea directamente imputable a V\u00eda Augusta Estudio Legal, S.L.P., salvo en lo previsto en el mencionado art. 17 de la LSSI.<\/p>\n<p>El Usuario ser\u00e1 el \u00fanico responsable si accede a cualquier de los Sitios Enlazados, su visita y utilizaci\u00f3n es realizada por su propia cuenta y riesgo.<\/p>\n<p><strong>\u00a0<\/strong><strong>Protecci\u00f3n de datos personales<\/strong><\/p>\n<p>El prestador se encuentra profundamente comprometido con el cumplimiento de la normativa espa\u00f1ola de protecci\u00f3n de datos de car\u00e1cter personal, y garantiza el cumplimiento \u00edntegro de las obligaciones, as\u00ed como la implementaci\u00f3n de las medidas de seguridad dispuestas en el Reglamento (UD) 2016\/679 del Parlamento Europeo y del Consejo de 27 de abril de 2016 relativo a la protecci\u00f3n de las personas f\u00edsicas en lo que respecta al tratamiento de datos personales y a la libre circulaci\u00f3n de estos datos (RGPD) y en la Ley Org\u00e1nica 3\/2018, de 5 de diciembre, de Protecci\u00f3n de Datos Personales y garant\u00eda de los derechos digitales. El prestador pone a disposici\u00f3n de los usuarios la Pol\u00edtica de Privacidad de la entidad informando a los usuarios seg\u00fan lo especificado en los art\u00edculos 13 y 14 del RGPD, relativos al derecho de informaci\u00f3n de las personas interesadas.<\/p>\n<p><strong>Propiedad intelectual e industrial<\/strong><\/p>\n<p>El sitio web, incluyendo a t\u00edtulo enunciativo pero no limitativo su programaci\u00f3n, edici\u00f3n, compilaci\u00f3n y dem\u00e1s elementos necesarios para su funcionamiento, los dise\u00f1os, logotipos, texto y\/o gr\u00e1ficos son propiedad del prestador o en su caso dispone de licencia o autorizaci\u00f3n expresa por parte de los autores. Todos los contenidos del sitio web se encuentran debidamente protegidos por la normativa de propiedad intelectual e industrial, as\u00ed como inscritos en los registros p\u00fablicos correspondientes.<\/p>\n<p>Queda totalmente prohibida la reproducci\u00f3n, copia, distribuci\u00f3n, cesi\u00f3n a terceros, comunicaci\u00f3n p\u00fablica, manipulaci\u00f3n, supresi\u00f3n o transformaci\u00f3n, total o parcial, en cualquier soporte o medio, de los contenidos en la P\u00e1gina Web, incluyendo informaciones, datos, textos, contenidos, dise\u00f1o, gr\u00e1ficos, marcas, logotipos, iconos, enlaces, archivos de imagen y\/o sonido y c\u00f3digos fuente, o cualquier otro material al que tuviera acceso en su condici\u00f3n de usuario de la P\u00e1gina Web, sin que esta enunciaci\u00f3n tenga car\u00e1cter limitativo, sin el previo y expreso consentimiento de V\u00eda Augusta Estudio Legal, S.L.P.<\/p>\n<p>Para realizar cualquier tipo de observaci\u00f3n respecto a posibles incumplimientos de los derechos de propiedad intelectual o industrial, as\u00ed como sobre cualquiera de los contenidos del sitio web, puede hacerlo a trav\u00e9s del siguiente correo electr\u00f3nico info@vaestudiolegal.com.<\/p>\n<p><strong>Pol\u00edtica de protecci\u00f3n de datos y confidencialidad<\/strong><\/p>\n<p>V\u00eda Augusta Estudio Legal, S.L.P. es una entidad sumamente preocupada por los intereses de sus Usuarios, y por ello nos preocupa la confidencialidad de sus datos y la seguridad de estos. Nuestra preocupaci\u00f3n va m\u00e1s all\u00e1 del cumplimiento de la normativa vigente. Por ello, garantizamos que todos los datos que nos facilite ser\u00e1n tratados con la m\u00e1xima confidencialidad y seguridad para evitar cualquier alteraci\u00f3n o p\u00e9rdida de los mismos, as\u00ed como cualquier informaci\u00f3n personal proporcionada por el Usuario al usar y participar en la P\u00e1gina Web que ser\u00e1 utilizada de conformidad con la Pol\u00edtica de Privacidad.<\/p>\n<p>V\u00eda Augusta Estudio Legal, S.L.P. ha adoptado y dispuesto todas las medidas t\u00e9cnicas y organizativas necesarias, que garanticen la seguridad de los datos personales, y as\u00ed evitar su alteraci\u00f3n, p\u00e9rdida, tratamiento o acceso no autorizado. No obstante, el usuario es consciente de que V\u00eda Augusta Estudio Legal, S.L.P. no puede garantizar la seguridad absoluta sobre los mismos, por cuanto cualquier medida de seguridad en Internet es relativamente fr\u00e1gil, por lo que V\u00eda Augusta Estudio Legal, S.L.P. no se responsabiliza de cualquier da\u00f1o y\/o perjuicio y\/o beneficios dejados de obtener por el Usuario o cualquier otro tercero que se vea perjudicado en ese sentido.<\/p>\n<p>V\u00eda Augusta Estudio Legal, S.L.P. se compromete al secreto profesional respecto a los datos obtenidos, obligaci\u00f3n que subsistir\u00e1 a\u00fan despu\u00e9s de finalizar sus relaciones con el usuario. Dicho deber de secreto afecta a todo el personal de V\u00eda Augusta Estudio Legal, S.L.P. que pueda acceder y\/o tratar datos del usuario.<\/p>\n<p><strong>Uso de cookies<\/strong><\/p>\n<p>La presente P\u00e1gina Web no utiliza cookies, ni propias ni de terceros.<\/p>\n<p><strong>Menores de edad<\/strong><\/p>\n<p>La P\u00e1gina web no est\u00e1 destinada a menores de edad. Sin embargo, V\u00eda Augusta Estudio Legal, S.L.P. se dispensa de cualquier responsabilidad por el incumplimiento de dicha condici\u00f3n.<\/p>\n<p><strong>Legislaci\u00f3n aplicable<\/strong><\/p>\n<p>La P\u00e1gina Web, que incluye sus Condiciones Generales, Pol\u00edticas de Privacidad y cookies, se regir\u00e1n por la legislaci\u00f3n espa\u00f1ola.<\/p>\n","protected":false},"excerpt":{"rendered":"<p>&nbsp; AVISO LEGAL Y CONDICIONES DE USO Denominaci\u00f3n Social: V\u00eda Augusta Estudio Legal, S.L.P. Domicilio Social: V\u00eda Augusta, 13-15, 7\u00ba 3\u00aa, 08006, Barcelona NIF: B66704628 Tel\u00e9fono: 934158934 e-Mail: info@vaestudiolegal.com Nombre&#8230;<\/p>\n","protected":false},"author":5,"featured_media":2138,"parent":0,"menu_order":0,"comment_status":"closed","ping_status":"closed","template":"","meta":{"footnotes":""},"class_list":["post-3600","page","type-page","status-publish","has-post-thumbnail","hentry"],"yoast_head":"<!-- This site is optimized with the Yoast SEO plugin v23.2 - https:\/\/yoast.com\/wordpress\/plugins\/seo\/ -->\n<title>Legal warning - Via Augusta Estudio Legal S.L.P<\/title>\n<meta name=\"robots\" content=\"index, follow, max-snippet:-1, max-image-preview:large, max-video-preview:-1\" \/>\n<link rel=\"canonical\" href=\"https:\/\/viaugustaestudiolegal.com\/aviso-legal-condiciones-uso\/\" \/>\n<meta property=\"og:locale\" content=\"en_US\" \/>\n<meta property=\"og:type\" content=\"article\" \/>\n<meta property=\"og:title\" content=\"Legal warning - Via Augusta Estudio Legal S.L.P\" \/>\n<meta property=\"og:description\" content=\"&nbsp; AVISO LEGAL Y CONDICIONES DE USO Denominaci\u00f3n Social: V\u00eda Augusta Estudio Legal, S.L.P. Domicilio Social: V\u00eda Augusta, 13-15, 7\u00ba 3\u00aa, 08006, Barcelona NIF: B66704628 Tel\u00e9fono: 934158934 e-Mail: info@vaestudiolegal.com Nombre...\" \/>\n<meta property=\"og:url\" content=\"https:\/\/viaugustaestudiolegal.com\/aviso-legal-condiciones-uso\/\" \/>\n<meta property=\"og:site_name\" content=\"Via Augusta Estudio Legal S.L.P\" \/>\n<meta property=\"article:modified_time\" content=\"2022-03-21T10:13:07+00:00\" \/>\n<meta property=\"og:image\" content=\"https:\/\/viaugustaestudiolegal.com\/wp-content\/uploads\/2019\/06\/Logo-VA.png\" \/>\n\t<meta property=\"og:image:width\" content=\"456\" \/>\n\t<meta property=\"og:image:height\" content=\"390\" \/>\n\t<meta property=\"og:image:type\" content=\"image\/png\" \/>\n<meta name=\"twitter:card\" content=\"summary_large_image\" \/>\n<script type=\"application\/ld+json\" class=\"yoast-schema-graph\">{\"@context\":\"https:\/\/schema.org\",\"@graph\":[{\"@type\":\"WebPage\",\"@id\":\"https:\/\/viaugustaestudiolegal.com\/aviso-legal-condiciones-uso\/\",\"url\":\"https:\/\/viaugustaestudiolegal.com\/aviso-legal-condiciones-uso\/\",\"name\":\"Legal warning - Via Augusta Estudio Legal S.L.P\",\"isPartOf\":{\"@id\":\"https:\/\/viaugustaestudiolegal.com\/#website\"},\"primaryImageOfPage\":{\"@id\":\"https:\/\/viaugustaestudiolegal.com\/aviso-legal-condiciones-uso\/#primaryimage\"},\"image\":{\"@id\":\"https:\/\/viaugustaestudiolegal.com\/aviso-legal-condiciones-uso\/#primaryimage\"},\"thumbnailUrl\":\"https:\/\/viaugustaestudiolegal.com\/wp-content\/uploads\/2019\/06\/Logo-VA.png\",\"datePublished\":\"2022-03-21T10:12:47+00:00\",\"dateModified\":\"2022-03-21T10:13:07+00:00\",\"breadcrumb\":{\"@id\":\"https:\/\/viaugustaestudiolegal.com\/aviso-legal-condiciones-uso\/#breadcrumb\"},\"inLanguage\":\"en-US\",\"potentialAction\":[{\"@type\":\"ReadAction\",\"target\":[\"https:\/\/viaugustaestudiolegal.com\/aviso-legal-condiciones-uso\/\"]}]},{\"@type\":\"ImageObject\",\"inLanguage\":\"en-US\",\"@id\":\"https:\/\/viaugustaestudiolegal.com\/aviso-legal-condiciones-uso\/#primaryimage\",\"url\":\"https:\/\/viaugustaestudiolegal.com\/wp-content\/uploads\/2019\/06\/Logo-VA.png\",\"contentUrl\":\"https:\/\/viaugustaestudiolegal.com\/wp-content\/uploads\/2019\/06\/Logo-VA.png\",\"width\":456,\"height\":390},{\"@type\":\"BreadcrumbList\",\"@id\":\"https:\/\/viaugustaestudiolegal.com\/aviso-legal-condiciones-uso\/#breadcrumb\",\"itemListElement\":[{\"@type\":\"ListItem\",\"position\":1,\"name\":\"Inicio\",\"item\":\"https:\/\/viaugustaestudiolegal.com\/en\/\"},{\"@type\":\"ListItem\",\"position\":2,\"name\":\"Legal warning\"}]},{\"@type\":\"WebSite\",\"@id\":\"https:\/\/viaugustaestudiolegal.com\/#website\",\"url\":\"https:\/\/viaugustaestudiolegal.com\/\",\"name\":\"Via Augusta Estudio Legal S.L.P\",\"description\":\"Abogados especialistas en \u00e1mbitos fiscales y mercantiles\",\"potentialAction\":[{\"@type\":\"SearchAction\",\"target\":{\"@type\":\"EntryPoint\",\"urlTemplate\":\"https:\/\/viaugustaestudiolegal.com\/?s={search_term_string}\"},\"query-input\":\"required name=search_term_string\"}],\"inLanguage\":\"en-US\"}]}<\/script>\n<!-- \/ Yoast SEO plugin. -->","yoast_head_json":{"title":"Legal warning - Via Augusta Estudio Legal S.L.P","robots":{"index":"index","follow":"follow","max-snippet":"max-snippet:-1","max-image-preview":"max-image-preview:large","max-video-preview":"max-video-preview:-1"},"canonical":"https:\/\/viaugustaestudiolegal.com\/aviso-legal-condiciones-uso\/","og_locale":"en_US","og_type":"article","og_title":"Legal warning - Via Augusta Estudio Legal S.L.P","og_description":"&nbsp; AVISO LEGAL Y CONDICIONES DE USO Denominaci\u00f3n Social: V\u00eda Augusta Estudio Legal, S.L.P. Domicilio Social: V\u00eda Augusta, 13-15, 7\u00ba 3\u00aa, 08006, Barcelona NIF: B66704628 Tel\u00e9fono: 934158934 e-Mail: info@vaestudiolegal.com Nombre...","og_url":"https:\/\/viaugustaestudiolegal.com\/aviso-legal-condiciones-uso\/","og_site_name":"Via Augusta Estudio Legal S.L.P","article_modified_time":"2022-03-21T10:13:07+00:00","og_image":[{"width":456,"height":390,"url":"https:\/\/viaugustaestudiolegal.com\/wp-content\/uploads\/2019\/06\/Logo-VA.png","type":"image\/png"}],"twitter_card":"summary_large_image","schema":{"@context":"https:\/\/schema.org","@graph":[{"@type":"WebPage","@id":"https:\/\/viaugustaestudiolegal.com\/aviso-legal-condiciones-uso\/","url":"https:\/\/viaugustaestudiolegal.com\/aviso-legal-condiciones-uso\/","name":"Legal warning - Via Augusta Estudio Legal S.L.P","isPartOf":{"@id":"https:\/\/viaugustaestudiolegal.com\/#website"},"primaryImageOfPage":{"@id":"https:\/\/viaugustaestudiolegal.com\/aviso-legal-condiciones-uso\/#primaryimage"},"image":{"@id":"https:\/\/viaugustaestudiolegal.com\/aviso-legal-condiciones-uso\/#primaryimage"},"thumbnailUrl":"https:\/\/viaugustaestudiolegal.com\/wp-content\/uploads\/2019\/06\/Logo-VA.png","datePublished":"2022-03-21T10:12:47+00:00","dateModified":"2022-03-21T10:13:07+00:00","breadcrumb":{"@id":"https:\/\/viaugustaestudiolegal.com\/aviso-legal-condiciones-uso\/#breadcrumb"},"inLanguage":"en-US","potentialAction":[{"@type":"ReadAction","target":["https:\/\/viaugustaestudiolegal.com\/aviso-legal-condiciones-uso\/"]}]},{"@type":"ImageObject","inLanguage":"en-US","@id":"https:\/\/viaugustaestudiolegal.com\/aviso-legal-condiciones-uso\/#primaryimage","url":"https:\/\/viaugustaestudiolegal.com\/wp-content\/uploads\/2019\/06\/Logo-VA.png","contentUrl":"https:\/\/viaugustaestudiolegal.com\/wp-content\/uploads\/2019\/06\/Logo-VA.png","width":456,"height":390},{"@type":"BreadcrumbList","@id":"https:\/\/viaugustaestudiolegal.com\/aviso-legal-condiciones-uso\/#breadcrumb","itemListElement":[{"@type":"ListItem","position":1,"name":"Inicio","item":"https:\/\/viaugustaestudiolegal.com\/en\/"},{"@type":"ListItem","position":2,"name":"Legal warning"}]},{"@type":"WebSite","@id":"https:\/\/viaugustaestudiolegal.com\/#website","url":"https:\/\/viaugustaestudiolegal.com\/","name":"Via Augusta Estudio Legal S.L.P","description":"Abogados especialistas en \u00e1mbitos fiscales y mercantiles","potentialAction":[{"@type":"SearchAction","target":{"@type":"EntryPoint","urlTemplate":"https:\/\/viaugustaestudiolegal.com\/?s={search_term_string}"},"query-input":"required name=search_term_string"}],"inLanguage":"en-US"}]}},"_links":{"self":[{"href":"https:\/\/viaugustaestudiolegal.com\/en\/wp-json\/wp\/v2\/pages\/3600"}],"collection":[{"href":"https:\/\/viaugustaestudiolegal.com\/en\/wp-json\/wp\/v2\/pages"}],"about":[{"href":"https:\/\/viaugustaestudiolegal.com\/en\/wp-json\/wp\/v2\/types\/page"}],"author":[{"embeddable":true,"href":"https:\/\/viaugustaestudiolegal.com\/en\/wp-json\/wp\/v2\/users\/5"}],"replies":[{"embeddable":true,"href":"https:\/\/viaugustaestudiolegal.com\/en\/wp-json\/wp\/v2\/comments?post=3600"}],"version-history":[{"count":2,"href":"https:\/\/viaugustaestudiolegal.com\/en\/wp-json\/wp\/v2\/pages\/3600\/revisions"}],"predecessor-version":[{"id":3602,"href":"https:\/\/viaugustaestudiolegal.com\/en\/wp-json\/wp\/v2\/pages\/3600\/revisions\/3602"}],"wp:featuredmedia":[{"embeddable":true,"href":"https:\/\/viaugustaestudiolegal.com\/en\/wp-json\/wp\/v2\/media\/2138"}],"wp:attachment":[{"href":"https:\/\/viaugustaestudiolegal.com\/en\/wp-json\/wp\/v2\/media?parent=3600"}],"curies":[{"name":"wp","href":"https:\/\/api.w.org\/{rel}","templated":true}]}}