{"id":3611,"date":"2022-03-21T11:18:29","date_gmt":"2022-03-21T10:18:29","guid":{"rendered":"https:\/\/viaugustaestudiolegal.com\/en\/?page_id=3611"},"modified":"2022-03-21T11:19:48","modified_gmt":"2022-03-21T10:19:48","slug":"privacity","status":"publish","type":"page","link":"https:\/\/viaugustaestudiolegal.com\/en\/privacity\/","title":{"rendered":"Privacity"},"content":{"rendered":"<p>&nbsp;<\/p>\n<p><strong>&nbsp;<\/strong><strong>POL\u00cdTICA DE PRIVACIDAD<\/strong><\/p>\n<p><strong>Responsable del tratamiento<\/strong><\/p>\n<p>Le informamos de que el responsable del tratamiento de los datos personales recabados en este sitio web es V\u00eda Augusta Estudio Legal, S.L.P. con NIF B-66704628 y domicilio social en V\u00eda Augusta 13-15, 7\u00ba 3\u00aa, 08006 Barcelona. Si desea ponerse en contacto con nosotros, puede llamar al 93 415 89 34 o escribir un correo electr\u00f3nico a la direcci\u00f3n info@vaestudiolegal.com. Si desea ejercer sus derechos en materia de protecci\u00f3n de datos o consultar cualquier aspecto relativo al tratamiento de sus datos, escriba a info@vaestudiolegal.com.<\/p>\n<p><strong>Tratamiento de datos<\/strong><\/p>\n<p>Si usted nos plantea una consulta o duda a trav\u00e9s del formulario de contacto de esta web o de cualquier otra v\u00eda de comunicaci\u00f3n facilitada, necesitaremos tratar sus datos para responderle de manera adecuada, pertinente y ajustada a su solicitud.<\/p>\n<p>Para gestionar su consulta y darle una respuesta acertada, trataremos su nombre, su apellido, su correo electr\u00f3nico y cualquier otro dato que usted decida voluntariamente incluir en su comunicaci\u00f3n, como su actividad profesional, la empresa en la que presta sus servicios, datos de contacto adicionales o el problema jur\u00eddico que necesite plantearnos.<\/p>\n<p>La base legal para tratar sus datos con la finalidad descrita es su consentimiento, otorgado en el momento de cumplimentar el formulario de contacto y confirmar el env\u00edo de su comunicaci\u00f3n. Usted podr\u00e1 retirar su consentimiento en cualquier momento contactando con nosotros.<\/p>\n<p>En V\u00eda Augusta Estudio Legal, S.L.P. conservaremos sus datos personales mientras sean necesarios para dar respuesta a su consulta. En particular, suprimiremos sus datos 6 meses despu\u00e9s desde la \u00faltima comunicaci\u00f3n intercambiada.<\/p>\n<p>Transcurrido ese tiempo, sus datos pasar\u00e1n a estar bloqueados y \u00fanicamente disponibles para el ejercicio y respuesta de acciones legales.<\/p>\n<p>En V\u00eda Augusta Estudio Legal, S.L.P. conservaremos sus datos personales mientras no retire su consentimiento, lo cual podr\u00e1 hacer en cualquier momento.<\/p>\n<p><strong>Destinatarios de sus datos<\/strong><\/p>\n<p>Le informamos de que podremos comunicar sus datos personales a terceras empresas proveedoras de servicios que nos dan soporte a la hora de desarrollar nuestra actividad. Estas empresas son nuestras encargadas del tratamiento y con ellas tenemos suscritos los oportunos contratos que garantizan que sus datos ser\u00e1n tratados en todo momento de conformidad con lo establecido en esta pol\u00edtica de privacidad y en la normativa aplicable.<\/p>\n<p>En particular, tenemos suscritos contratos de encargo de tratamiento con entidades que nos prestan los siguientes servicios: mantenimiento inform\u00e1tico, nube, correo electr\u00f3nico.<\/p>\n<p>Por otra parte, en caso de obligaci\u00f3n legal, deberemos comunicar sus datos a autoridades, administraciones, tribunales o juzgados de acuerdo con las leyes que resulten de aplicaci\u00f3n.<\/p>\n<p>Le informamos de que, como consecuencia del servicio prestado por determinados proveedores, sus datos personales podr\u00edan ser transferidos fuera del Espacio Econ\u00f3mico Europeo. En particular, el uso de herramientas de gesti\u00f3n y cloud provistas por Microsoft podr\u00eda suponer que sus datos sean parcialmente transferidos a EEUU. En esos casos, toda transferencia internacional de datos suceder\u00e1 de acuerdo con el RGPD y, en particular, mediante la firma de cl\u00e1usulas tipo o normas corporativas vinculantes que los proveedores tengan implementadas, as\u00ed como con la adopci\u00f3n de medidas adicionales seg\u00fan recomendaciones del Comit\u00e9 Europeo de Protecci\u00f3n de Datos.<\/p>\n<p><strong>Derechos <\/strong><\/p>\n<p>Le informamos de que tiene derecho a ejercer en cualquier momento ante nosotros sus derechos en materia de protecci\u00f3n de datos. Para ello, deber\u00e1 escribirnos un correo electr\u00f3nico a info@vaestudiolegal.com. En su escrito, deber\u00e1 indicarnos su nombre, apellidos y el derecho que desea ejercer. En caso de que tengamos dudas acerca de su identidad, deberemos solicitarle informaci\u00f3n adicional para asegurarnos de que tiene legitimidad para ejercer el derecho. En particular, le informamos de que puede ejercer los siguientes derechos de manera gratuita, siempre y cuando no se trate de solicitudes injustificadamente repetitivas:<\/p>\n<ul>\n<li><strong>Acceso: <\/strong>Usted tiene derecho a saber qu\u00e9 datos tratamos sobre usted, para qu\u00e9 finalidades, de d\u00f3nde proceden, a qui\u00e9n han sido comunicados o durante cu\u00e1nto tiempo se conservan.<\/li>\n<\/ul>\n<ul>\n<li><strong>Rectificaci\u00f3n: <\/strong>Usted tiene derecho a solicitar que sus datos sean corregidos de nuestros ficheros cuando hayan quedado obsoletos o no hayan sido correctamente incorporados.<\/li>\n<\/ul>\n<ul>\n<li><strong>Supresi\u00f3n: <\/strong>Usted tiene derecho a solicitar que borremos la totalidad de los datos personales que conservamos sobre usted. No podremos suprimir sus datos cuando debamos conservarlos por imperativo legal o para ejecutar un contrato. En caso de que no concurran las circunstancias anteriores y, por tanto, debamos satisfacer su derecho de supresi\u00f3n, sus datos pasar\u00e1n a estar bloqueados de acuerdo con la normativa sobre protecci\u00f3n de datos ante el posible ejercicio de acciones legales derivadas del tratamiento. Transcurrido el plazo de 3 a\u00f1os de prescripci\u00f3n de dichas acciones legales, sus datos ser\u00e1n totalmente destruidos.<\/li>\n<\/ul>\n<ul>\n<li><strong>Limitaci\u00f3n: <\/strong>Podr\u00e1 solicitar la limitaci\u00f3n del tratamiento de sus datos cuando impugne la exactitud de los datos; cuando el tratamiento sea il\u00edcito, pero se oponga a la supresi\u00f3n; cuando ya no sean necesarios para la finalidad para la que se recabaron, pero usted los necesite para la formulaci\u00f3n, ejercicio o defensa de reclamaciones; y cuando se oponga al tratamiento y deba verificarse si prevale nuestro inter\u00e9s leg\u00edtimo.<\/li>\n<\/ul>\n<ul>\n<li><strong>Oposici\u00f3n: <\/strong>Podr\u00e1 oponerse en cualquier momento a que tratemos sus datos cuando el tratamiento suceda sobre la base de nuestro inter\u00e9s leg\u00edtimo, incluyendo el env\u00edo de comunicaciones comerciales y la elaboraci\u00f3n de perfiles.<\/li>\n<\/ul>\n<ul>\n<li><strong>Portabilidad: <\/strong>Tiene derecho a recibir los datos personales que le incumben en un formato estructurado, de uso com\u00fan y lectura mec\u00e1nica para transmitirlos a otro responsable del tratamiento. Este derecho podr\u00e1 ejercerlo cuando el tratamiento est\u00e9 basado en su consentimiento o en la ejecuci\u00f3n contractual.<\/li>\n<\/ul>\n<ul>\n<li><strong>Retirada del consentimiento: <\/strong>Tiene derecho a retirar libremente y en cualquier momento su consentimiento cuando esa fuera la base legal por la que estuvi\u00e9ramos tratando sus datos.<\/li>\n<\/ul>\n<p>Le informamos de que, adem\u00e1s, tiene derecho a presentar una reclamaci\u00f3n relativa al tratamiento de sus datos personales ante la Agencia Espa\u00f1ola de Protecci\u00f3n de Datos.<\/p>\n","protected":false},"excerpt":{"rendered":"<p>&nbsp; &nbsp;POL\u00cdTICA DE PRIVACIDAD Responsable del tratamiento Le informamos de que el responsable del tratamiento de los datos personales recabados en este sitio web es V\u00eda Augusta Estudio Legal, S.L.P&#8230;.<\/p>\n","protected":false},"author":5,"featured_media":2138,"parent":0,"menu_order":0,"comment_status":"closed","ping_status":"closed","template":"","meta":{"footnotes":""},"class_list":["post-3611","page","type-page","status-publish","has-post-thumbnail","hentry"],"yoast_head":"<!-- This site is optimized with the Yoast SEO plugin v23.2 - https:\/\/yoast.com\/wordpress\/plugins\/seo\/ -->\n<title>Privacity - Via Augusta Estudio Legal S.L.P<\/title>\n<meta name=\"robots\" content=\"index, follow, max-snippet:-1, max-image-preview:large, max-video-preview:-1\" \/>\n<link rel=\"canonical\" href=\"https:\/\/viaugustaestudiolegal.com\/politica-de-privacidad\/\" \/>\n<meta property=\"og:locale\" content=\"en_US\" \/>\n<meta property=\"og:type\" content=\"article\" \/>\n<meta property=\"og:title\" content=\"Privacity - Via Augusta Estudio Legal S.L.P\" \/>\n<meta property=\"og:description\" content=\"&nbsp; &nbsp;POL\u00cdTICA DE PRIVACIDAD Responsable del tratamiento Le informamos de que el responsable del tratamiento de los datos personales recabados en este sitio web es V\u00eda Augusta Estudio Legal, S.L.P....\" \/>\n<meta property=\"og:url\" content=\"https:\/\/viaugustaestudiolegal.com\/politica-de-privacidad\/\" \/>\n<meta property=\"og:site_name\" content=\"Via Augusta Estudio Legal S.L.P\" \/>\n<meta property=\"article:modified_time\" content=\"2022-03-21T10:19:48+00:00\" \/>\n<meta property=\"og:image\" content=\"https:\/\/viaugustaestudiolegal.com\/wp-content\/uploads\/2019\/06\/Logo-VA.png\" \/>\n\t<meta property=\"og:image:width\" content=\"456\" \/>\n\t<meta property=\"og:image:height\" content=\"390\" \/>\n\t<meta property=\"og:image:type\" content=\"image\/png\" \/>\n<meta name=\"twitter:card\" content=\"summary_large_image\" \/>\n<meta name=\"twitter:label1\" content=\"Est. reading time\" \/>\n\t<meta name=\"twitter:data1\" content=\"5 minutes\" \/>\n<script type=\"application\/ld+json\" class=\"yoast-schema-graph\">{\"@context\":\"https:\/\/schema.org\",\"@graph\":[{\"@type\":\"WebPage\",\"@id\":\"https:\/\/viaugustaestudiolegal.com\/politica-de-privacidad\/\",\"url\":\"https:\/\/viaugustaestudiolegal.com\/politica-de-privacidad\/\",\"name\":\"Privacity - Via Augusta Estudio Legal S.L.P\",\"isPartOf\":{\"@id\":\"https:\/\/viaugustaestudiolegal.com\/#website\"},\"primaryImageOfPage\":{\"@id\":\"https:\/\/viaugustaestudiolegal.com\/politica-de-privacidad\/#primaryimage\"},\"image\":{\"@id\":\"https:\/\/viaugustaestudiolegal.com\/politica-de-privacidad\/#primaryimage\"},\"thumbnailUrl\":\"https:\/\/viaugustaestudiolegal.com\/wp-content\/uploads\/2019\/06\/Logo-VA.png\",\"datePublished\":\"2022-03-21T10:18:29+00:00\",\"dateModified\":\"2022-03-21T10:19:48+00:00\",\"breadcrumb\":{\"@id\":\"https:\/\/viaugustaestudiolegal.com\/politica-de-privacidad\/#breadcrumb\"},\"inLanguage\":\"en-US\",\"potentialAction\":[{\"@type\":\"ReadAction\",\"target\":[\"https:\/\/viaugustaestudiolegal.com\/politica-de-privacidad\/\"]}]},{\"@type\":\"ImageObject\",\"inLanguage\":\"en-US\",\"@id\":\"https:\/\/viaugustaestudiolegal.com\/politica-de-privacidad\/#primaryimage\",\"url\":\"https:\/\/viaugustaestudiolegal.com\/wp-content\/uploads\/2019\/06\/Logo-VA.png\",\"contentUrl\":\"https:\/\/viaugustaestudiolegal.com\/wp-content\/uploads\/2019\/06\/Logo-VA.png\",\"width\":456,\"height\":390},{\"@type\":\"BreadcrumbList\",\"@id\":\"https:\/\/viaugustaestudiolegal.com\/politica-de-privacidad\/#breadcrumb\",\"itemListElement\":[{\"@type\":\"ListItem\",\"position\":1,\"name\":\"Inicio\",\"item\":\"https:\/\/viaugustaestudiolegal.com\/en\/\"},{\"@type\":\"ListItem\",\"position\":2,\"name\":\"Privacity\"}]},{\"@type\":\"WebSite\",\"@id\":\"https:\/\/viaugustaestudiolegal.com\/#website\",\"url\":\"https:\/\/viaugustaestudiolegal.com\/\",\"name\":\"Via Augusta Estudio Legal S.L.P\",\"description\":\"Abogados especialistas en \u00e1mbitos fiscales y mercantiles\",\"potentialAction\":[{\"@type\":\"SearchAction\",\"target\":{\"@type\":\"EntryPoint\",\"urlTemplate\":\"https:\/\/viaugustaestudiolegal.com\/?s={search_term_string}\"},\"query-input\":\"required name=search_term_string\"}],\"inLanguage\":\"en-US\"}]}<\/script>\n<!-- \/ Yoast SEO plugin. -->","yoast_head_json":{"title":"Privacity - Via Augusta Estudio Legal S.L.P","robots":{"index":"index","follow":"follow","max-snippet":"max-snippet:-1","max-image-preview":"max-image-preview:large","max-video-preview":"max-video-preview:-1"},"canonical":"https:\/\/viaugustaestudiolegal.com\/politica-de-privacidad\/","og_locale":"en_US","og_type":"article","og_title":"Privacity - Via Augusta Estudio Legal S.L.P","og_description":"&nbsp; &nbsp;POL\u00cdTICA DE PRIVACIDAD Responsable del tratamiento Le informamos de que el responsable del tratamiento de los datos personales recabados en este sitio web es V\u00eda Augusta Estudio Legal, S.L.P....","og_url":"https:\/\/viaugustaestudiolegal.com\/politica-de-privacidad\/","og_site_name":"Via Augusta Estudio Legal S.L.P","article_modified_time":"2022-03-21T10:19:48+00:00","og_image":[{"width":456,"height":390,"url":"https:\/\/viaugustaestudiolegal.com\/wp-content\/uploads\/2019\/06\/Logo-VA.png","type":"image\/png"}],"twitter_card":"summary_large_image","twitter_misc":{"Est. reading time":"5 minutes"},"schema":{"@context":"https:\/\/schema.org","@graph":[{"@type":"WebPage","@id":"https:\/\/viaugustaestudiolegal.com\/politica-de-privacidad\/","url":"https:\/\/viaugustaestudiolegal.com\/politica-de-privacidad\/","name":"Privacity - Via Augusta Estudio Legal S.L.P","isPartOf":{"@id":"https:\/\/viaugustaestudiolegal.com\/#website"},"primaryImageOfPage":{"@id":"https:\/\/viaugustaestudiolegal.com\/politica-de-privacidad\/#primaryimage"},"image":{"@id":"https:\/\/viaugustaestudiolegal.com\/politica-de-privacidad\/#primaryimage"},"thumbnailUrl":"https:\/\/viaugustaestudiolegal.com\/wp-content\/uploads\/2019\/06\/Logo-VA.png","datePublished":"2022-03-21T10:18:29+00:00","dateModified":"2022-03-21T10:19:48+00:00","breadcrumb":{"@id":"https:\/\/viaugustaestudiolegal.com\/politica-de-privacidad\/#breadcrumb"},"inLanguage":"en-US","potentialAction":[{"@type":"ReadAction","target":["https:\/\/viaugustaestudiolegal.com\/politica-de-privacidad\/"]}]},{"@type":"ImageObject","inLanguage":"en-US","@id":"https:\/\/viaugustaestudiolegal.com\/politica-de-privacidad\/#primaryimage","url":"https:\/\/viaugustaestudiolegal.com\/wp-content\/uploads\/2019\/06\/Logo-VA.png","contentUrl":"https:\/\/viaugustaestudiolegal.com\/wp-content\/uploads\/2019\/06\/Logo-VA.png","width":456,"height":390},{"@type":"BreadcrumbList","@id":"https:\/\/viaugustaestudiolegal.com\/politica-de-privacidad\/#breadcrumb","itemListElement":[{"@type":"ListItem","position":1,"name":"Inicio","item":"https:\/\/viaugustaestudiolegal.com\/en\/"},{"@type":"ListItem","position":2,"name":"Privacity"}]},{"@type":"WebSite","@id":"https:\/\/viaugustaestudiolegal.com\/#website","url":"https:\/\/viaugustaestudiolegal.com\/","name":"Via Augusta Estudio Legal S.L.P","description":"Abogados especialistas en \u00e1mbitos fiscales y mercantiles","potentialAction":[{"@type":"SearchAction","target":{"@type":"EntryPoint","urlTemplate":"https:\/\/viaugustaestudiolegal.com\/?s={search_term_string}"},"query-input":"required name=search_term_string"}],"inLanguage":"en-US"}]}},"_links":{"self":[{"href":"https:\/\/viaugustaestudiolegal.com\/en\/wp-json\/wp\/v2\/pages\/3611"}],"collection":[{"href":"https:\/\/viaugustaestudiolegal.com\/en\/wp-json\/wp\/v2\/pages"}],"about":[{"href":"https:\/\/viaugustaestudiolegal.com\/en\/wp-json\/wp\/v2\/types\/page"}],"author":[{"embeddable":true,"href":"https:\/\/viaugustaestudiolegal.com\/en\/wp-json\/wp\/v2\/users\/5"}],"replies":[{"embeddable":true,"href":"https:\/\/viaugustaestudiolegal.com\/en\/wp-json\/wp\/v2\/comments?post=3611"}],"version-history":[{"count":3,"href":"https:\/\/viaugustaestudiolegal.com\/en\/wp-json\/wp\/v2\/pages\/3611\/revisions"}],"predecessor-version":[{"id":3615,"href":"https:\/\/viaugustaestudiolegal.com\/en\/wp-json\/wp\/v2\/pages\/3611\/revisions\/3615"}],"wp:featuredmedia":[{"embeddable":true,"href":"https:\/\/viaugustaestudiolegal.com\/en\/wp-json\/wp\/v2\/media\/2138"}],"wp:attachment":[{"href":"https:\/\/viaugustaestudiolegal.com\/en\/wp-json\/wp\/v2\/media?parent=3611"}],"curies":[{"name":"wp","href":"https:\/\/api.w.org\/{rel}","templated":true}]}}