{"id":3664,"date":"2022-03-21T16:23:12","date_gmt":"2022-03-21T15:23:12","guid":{"rendered":"https:\/\/viaugustaestudiolegal.com\/en\/?page_id=3664"},"modified":"2022-03-21T16:23:35","modified_gmt":"2022-03-21T15:23:35","slug":"nota-legal-2","status":"publish","type":"page","link":"https:\/\/viaugustaestudiolegal.com\/en\/nota-legal-2\/","title":{"rendered":"Nota legal"},"content":{"rendered":"<div style=\"width: 80%; margin: 0 auto;\">\n<h2 data-fontsize=\"24\" data-lineheight=\"29\">Objeto<\/h2>\n<p>Este sitio web proporciona informaci\u00f3n sobre los servicios y actividades de:<br \/>\nVia Augusta Estudio Legal, S.L.P<br \/>\nV\u00eda Augusta, 13-15, 7\u00aa planta, 08006 Barcelona<br \/>\nTel: 93 415 89 34<br \/>\nE mail: info@viaugustaestudiolegal.com<br \/>\nwww.viaugustaestudiolegal<\/p>\n<h2 data-fontsize=\"24\" data-lineheight=\"29\">Privacidad y protecci\u00f3n de datos<\/h2>\n<p>Al navegar por estas p\u00e1ginas, de forma autom\u00e1tica Vd. facilita al servidor de la web informaci\u00f3n relativa a su direcci\u00f3n IP (identificador \u00fanico para la transmisi\u00f3n de paquetes entre ordenadores conectados a Internet), fecha y hora de acceso, el hiperv\u00ednculo que le ha reenviado a estas p\u00e1ginas, su sistema operativo y el navegador utilizado.<\/p>\n<p>Sin perjuicio de que la Agencia Espa\u00f1ola de Protecci\u00f3n de Datos (en adelante, APD) considera la IP como dato de car\u00e1cter personal, el Titular no puede obtener por si solo, ni tiene intenci\u00f3n de hacerlo a menos que se le cause alg\u00fan perjuicio, informaci\u00f3n alguna acerca del titular de la conexi\u00f3n a Internet a la que corresponde. Estos datos ser\u00e1n guardados y utilizados \u00fanicamente para el control y realizaci\u00f3n de estad\u00edsticas de acceso y visitas a la web, y en ning\u00fan caso ser\u00e1n comunicados o cedidos a terceros.<\/p>\n<p>Este sitio web no utiliza cookies ni cualquier otro dispositivo an\u00e1logo que permita la obtenci\u00f3n de datos personales sin su consentimiento.<\/p>\n<p>En caso de que Vd. establezca alg\u00fan tipo de comunicaci\u00f3n con el Titular, ya sea por tel\u00e9fono, fax, correo ordinario o electr\u00f3nico, sus datos ser\u00e1n guardados e incluidos en un fichero propiedad del Titular, con la finalidad de responder a su consulta, sugerencia o queja, informar o prestar el servicio solicitado. Fuera de los casos legalmente establecidos, sus datos no ser\u00e1n comunicados ni cedidos a terceros sin su consentimiento expreso. Dicho fichero se encuentra convenientemente inscrito en el Registro General de la APD y sobre \u00e9l se aplican las medidas t\u00e9cnicas, legales y organizativas establecidas en la normativa sobre protecci\u00f3n de datos de car\u00e1cter personal para evitar cualquier acceso, alteraci\u00f3n, p\u00e9rdida o tratamiento no autorizados.<\/p>\n<p>Tiene Vd. derecho a acceder a dicho fichero para consultar sus datos, rectificarlos o cancelarlos, as\u00ed como a oponerse a todo tratamiento respecto de los mismos, con las excepciones y l\u00edmites establecidos en la legislaci\u00f3n aplicable. En caso de que desee ejercer dichos derechos, dirija al Titular una solicitud firmada, acompa\u00f1ando fotocopia de su D.N.I. o documento equivalente. En el sitio web de la APD tiene a su disposici\u00f3n modelos de formularios y m\u00e1s informaci\u00f3n al respecto.<\/p>\n<p>Informaci\u00f3n facilitada en cumplimiento con lo dispuesto en el art\u00edculo 10 de la Ley 34\/2002, de 11 de julio, de Servicios de la Sociedad de la Informaci\u00f3n y de Comercio Electr\u00f3nico.<\/p>\n<\/div>\n","protected":false},"excerpt":{"rendered":"<p>Objeto Este sitio web proporciona informaci\u00f3n sobre los servicios y actividades de: Via Augusta Estudio Legal, S.L.P V\u00eda Augusta, 13-15, 7\u00aa planta, 08006 Barcelona Tel: 93 415 89 34 E&#8230;<\/p>\n","protected":false},"author":5,"featured_media":2138,"parent":0,"menu_order":0,"comment_status":"closed","ping_status":"closed","template":"","meta":{"footnotes":""},"class_list":["post-3664","page","type-page","status-publish","has-post-thumbnail","hentry"],"yoast_head":"<!-- This site is optimized with the Yoast SEO plugin v23.2 - https:\/\/yoast.com\/wordpress\/plugins\/seo\/ -->\n<title>Nota legal - Via Augusta Estudio Legal S.L.P<\/title>\n<meta name=\"robots\" content=\"index, follow, max-snippet:-1, max-image-preview:large, max-video-preview:-1\" \/>\n<link rel=\"canonical\" href=\"https:\/\/viaugustaestudiolegal.com\/nota-legal\/\" \/>\n<meta property=\"og:locale\" content=\"en_US\" \/>\n<meta property=\"og:type\" content=\"article\" \/>\n<meta property=\"og:title\" content=\"Nota legal - Via Augusta Estudio Legal S.L.P\" \/>\n<meta property=\"og:description\" content=\"Objeto Este sitio web proporciona informaci\u00f3n sobre los servicios y actividades de: Via Augusta Estudio Legal, S.L.P V\u00eda Augusta, 13-15, 7\u00aa planta, 08006 Barcelona Tel: 93 415 89 34 E...\" \/>\n<meta property=\"og:url\" content=\"https:\/\/viaugustaestudiolegal.com\/nota-legal\/\" \/>\n<meta property=\"og:site_name\" content=\"Via Augusta Estudio Legal S.L.P\" \/>\n<meta property=\"article:modified_time\" content=\"2022-03-21T15:23:35+00:00\" \/>\n<meta property=\"og:image\" content=\"https:\/\/viaugustaestudiolegal.com\/wp-content\/uploads\/2019\/06\/Logo-VA.png\" \/>\n\t<meta property=\"og:image:width\" content=\"456\" \/>\n\t<meta property=\"og:image:height\" content=\"390\" \/>\n\t<meta property=\"og:image:type\" content=\"image\/png\" \/>\n<meta name=\"twitter:card\" content=\"summary_large_image\" \/>\n<script type=\"application\/ld+json\" class=\"yoast-schema-graph\">{\"@context\":\"https:\/\/schema.org\",\"@graph\":[{\"@type\":\"WebPage\",\"@id\":\"https:\/\/viaugustaestudiolegal.com\/nota-legal\/\",\"url\":\"https:\/\/viaugustaestudiolegal.com\/nota-legal\/\",\"name\":\"Nota legal - Via Augusta Estudio Legal S.L.P\",\"isPartOf\":{\"@id\":\"https:\/\/viaugustaestudiolegal.com\/#website\"},\"primaryImageOfPage\":{\"@id\":\"https:\/\/viaugustaestudiolegal.com\/nota-legal\/#primaryimage\"},\"image\":{\"@id\":\"https:\/\/viaugustaestudiolegal.com\/nota-legal\/#primaryimage\"},\"thumbnailUrl\":\"https:\/\/viaugustaestudiolegal.com\/wp-content\/uploads\/2019\/06\/Logo-VA.png\",\"datePublished\":\"2022-03-21T15:23:12+00:00\",\"dateModified\":\"2022-03-21T15:23:35+00:00\",\"breadcrumb\":{\"@id\":\"https:\/\/viaugustaestudiolegal.com\/nota-legal\/#breadcrumb\"},\"inLanguage\":\"en-US\",\"potentialAction\":[{\"@type\":\"ReadAction\",\"target\":[\"https:\/\/viaugustaestudiolegal.com\/nota-legal\/\"]}]},{\"@type\":\"ImageObject\",\"inLanguage\":\"en-US\",\"@id\":\"https:\/\/viaugustaestudiolegal.com\/nota-legal\/#primaryimage\",\"url\":\"https:\/\/viaugustaestudiolegal.com\/wp-content\/uploads\/2019\/06\/Logo-VA.png\",\"contentUrl\":\"https:\/\/viaugustaestudiolegal.com\/wp-content\/uploads\/2019\/06\/Logo-VA.png\",\"width\":456,\"height\":390},{\"@type\":\"BreadcrumbList\",\"@id\":\"https:\/\/viaugustaestudiolegal.com\/nota-legal\/#breadcrumb\",\"itemListElement\":[{\"@type\":\"ListItem\",\"position\":1,\"name\":\"Inicio\",\"item\":\"https:\/\/viaugustaestudiolegal.com\/en\/\"},{\"@type\":\"ListItem\",\"position\":2,\"name\":\"Nota legal\"}]},{\"@type\":\"WebSite\",\"@id\":\"https:\/\/viaugustaestudiolegal.com\/#website\",\"url\":\"https:\/\/viaugustaestudiolegal.com\/\",\"name\":\"Via Augusta Estudio Legal S.L.P\",\"description\":\"Abogados especialistas en \u00e1mbitos fiscales y mercantiles\",\"potentialAction\":[{\"@type\":\"SearchAction\",\"target\":{\"@type\":\"EntryPoint\",\"urlTemplate\":\"https:\/\/viaugustaestudiolegal.com\/?s={search_term_string}\"},\"query-input\":\"required name=search_term_string\"}],\"inLanguage\":\"en-US\"}]}<\/script>\n<!-- \/ Yoast SEO plugin. -->","yoast_head_json":{"title":"Nota legal - Via Augusta Estudio Legal S.L.P","robots":{"index":"index","follow":"follow","max-snippet":"max-snippet:-1","max-image-preview":"max-image-preview:large","max-video-preview":"max-video-preview:-1"},"canonical":"https:\/\/viaugustaestudiolegal.com\/nota-legal\/","og_locale":"en_US","og_type":"article","og_title":"Nota legal - Via Augusta Estudio Legal S.L.P","og_description":"Objeto Este sitio web proporciona informaci\u00f3n sobre los servicios y actividades de: Via Augusta Estudio Legal, S.L.P V\u00eda Augusta, 13-15, 7\u00aa planta, 08006 Barcelona Tel: 93 415 89 34 E...","og_url":"https:\/\/viaugustaestudiolegal.com\/nota-legal\/","og_site_name":"Via Augusta Estudio Legal S.L.P","article_modified_time":"2022-03-21T15:23:35+00:00","og_image":[{"width":456,"height":390,"url":"https:\/\/viaugustaestudiolegal.com\/wp-content\/uploads\/2019\/06\/Logo-VA.png","type":"image\/png"}],"twitter_card":"summary_large_image","schema":{"@context":"https:\/\/schema.org","@graph":[{"@type":"WebPage","@id":"https:\/\/viaugustaestudiolegal.com\/nota-legal\/","url":"https:\/\/viaugustaestudiolegal.com\/nota-legal\/","name":"Nota legal - Via Augusta Estudio Legal S.L.P","isPartOf":{"@id":"https:\/\/viaugustaestudiolegal.com\/#website"},"primaryImageOfPage":{"@id":"https:\/\/viaugustaestudiolegal.com\/nota-legal\/#primaryimage"},"image":{"@id":"https:\/\/viaugustaestudiolegal.com\/nota-legal\/#primaryimage"},"thumbnailUrl":"https:\/\/viaugustaestudiolegal.com\/wp-content\/uploads\/2019\/06\/Logo-VA.png","datePublished":"2022-03-21T15:23:12+00:00","dateModified":"2022-03-21T15:23:35+00:00","breadcrumb":{"@id":"https:\/\/viaugustaestudiolegal.com\/nota-legal\/#breadcrumb"},"inLanguage":"en-US","potentialAction":[{"@type":"ReadAction","target":["https:\/\/viaugustaestudiolegal.com\/nota-legal\/"]}]},{"@type":"ImageObject","inLanguage":"en-US","@id":"https:\/\/viaugustaestudiolegal.com\/nota-legal\/#primaryimage","url":"https:\/\/viaugustaestudiolegal.com\/wp-content\/uploads\/2019\/06\/Logo-VA.png","contentUrl":"https:\/\/viaugustaestudiolegal.com\/wp-content\/uploads\/2019\/06\/Logo-VA.png","width":456,"height":390},{"@type":"BreadcrumbList","@id":"https:\/\/viaugustaestudiolegal.com\/nota-legal\/#breadcrumb","itemListElement":[{"@type":"ListItem","position":1,"name":"Inicio","item":"https:\/\/viaugustaestudiolegal.com\/en\/"},{"@type":"ListItem","position":2,"name":"Nota legal"}]},{"@type":"WebSite","@id":"https:\/\/viaugustaestudiolegal.com\/#website","url":"https:\/\/viaugustaestudiolegal.com\/","name":"Via Augusta Estudio Legal S.L.P","description":"Abogados especialistas en \u00e1mbitos fiscales y mercantiles","potentialAction":[{"@type":"SearchAction","target":{"@type":"EntryPoint","urlTemplate":"https:\/\/viaugustaestudiolegal.com\/?s={search_term_string}"},"query-input":"required name=search_term_string"}],"inLanguage":"en-US"}]}},"_links":{"self":[{"href":"https:\/\/viaugustaestudiolegal.com\/en\/wp-json\/wp\/v2\/pages\/3664"}],"collection":[{"href":"https:\/\/viaugustaestudiolegal.com\/en\/wp-json\/wp\/v2\/pages"}],"about":[{"href":"https:\/\/viaugustaestudiolegal.com\/en\/wp-json\/wp\/v2\/types\/page"}],"author":[{"embeddable":true,"href":"https:\/\/viaugustaestudiolegal.com\/en\/wp-json\/wp\/v2\/users\/5"}],"replies":[{"embeddable":true,"href":"https:\/\/viaugustaestudiolegal.com\/en\/wp-json\/wp\/v2\/comments?post=3664"}],"version-history":[{"count":2,"href":"https:\/\/viaugustaestudiolegal.com\/en\/wp-json\/wp\/v2\/pages\/3664\/revisions"}],"predecessor-version":[{"id":3666,"href":"https:\/\/viaugustaestudiolegal.com\/en\/wp-json\/wp\/v2\/pages\/3664\/revisions\/3666"}],"wp:featuredmedia":[{"embeddable":true,"href":"https:\/\/viaugustaestudiolegal.com\/en\/wp-json\/wp\/v2\/media\/2138"}],"wp:attachment":[{"href":"https:\/\/viaugustaestudiolegal.com\/en\/wp-json\/wp\/v2\/media?parent=3664"}],"curies":[{"name":"wp","href":"https:\/\/api.w.org\/{rel}","templated":true}]}}